{"id":5445,"date":"2024-02-23T18:29:50","date_gmt":"2024-02-23T17:29:50","guid":{"rendered":"https:\/\/camping-la-ferme.com\/?page_id=5445"},"modified":"2024-04-27T14:47:34","modified_gmt":"2024-04-27T12:47:34","slug":"404-2","status":"publish","type":"page","link":"https:\/\/spa-castellane.fr\/en\/404-2\/","title":{"rendered":"404"},"content":{"rendered":"<style>.elementor-5445 .elementor-element.elementor-element-14621d7b{--display:flex;--min-height:100vh;--flex-direction:column;--container-widget-width:100%;--container-widget-height:initial;--container-widget-flex-grow:0;--container-widget-align-self:initial;--flex-wrap-mobile:wrap;--justify-content:center;--overlay-opacity:1;--padding-top:0px;--padding-bottom:0px;--padding-left:20px;--padding-right:20px;}.elementor-5445 .elementor-element.elementor-element-14621d7b:not(.elementor-motion-effects-element-type-background), .elementor-5445 .elementor-element.elementor-element-14621d7b > .elementor-motion-effects-container > .elementor-motion-effects-layer{background-image:url(\"https:\/\/spa-castellane.fr\/wp-content\/uploads\/2024\/02\/massage1.jpg\");background-position:center center;background-size:cover;}.elementor-5445 .elementor-element.elementor-element-14621d7b::before, .elementor-5445 .elementor-element.elementor-element-14621d7b > .elementor-background-video-container::before, .elementor-5445 .elementor-element.elementor-element-14621d7b > .e-con-inner > .elementor-background-video-container::before, .elementor-5445 .elementor-element.elementor-element-14621d7b > .elementor-background-slideshow::before, .elementor-5445 .elementor-element.elementor-element-14621d7b > .e-con-inner > .elementor-background-slideshow::before, .elementor-5445 .elementor-element.elementor-element-14621d7b > .elementor-motion-effects-container > .elementor-motion-effects-layer::before{--background-overlay:'';background-color:#0F0F0F99;}.elementor-5445 .elementor-element.elementor-element-5612ad86{--display:flex;--align-items:center;--container-widget-width:calc( ( 1 - var( --container-widget-flex-grow ) ) * 100% );--padding-top:80px;--padding-bottom:70px;--padding-left:0px;--padding-right:0px;}.elementor-5445 .elementor-element.elementor-element-1ab40717{text-align:center;}.elementor-5445 .elementor-element.elementor-element-1ab40717 .elementor-heading-title{font-family:var( --e-global-typography-2c1c402-font-family ), Sans-serif;font-size:var( --e-global-typography-2c1c402-font-size );font-weight:var( --e-global-typography-2c1c402-font-weight );text-transform:var( --e-global-typography-2c1c402-text-transform );font-style:var( --e-global-typography-2c1c402-font-style );text-decoration:var( --e-global-typography-2c1c402-text-decoration );line-height:var( --e-global-typography-2c1c402-line-height );letter-spacing:var( --e-global-typography-2c1c402-letter-spacing );word-spacing:var( --e-global-typography-2c1c402-word-spacing );color:var( --e-global-color-f0e0728 );}.elementor-5445 .elementor-element.elementor-element-298e1254{text-align:center;font-family:var( --e-global-typography-64af694-font-family ), Sans-serif;font-size:var( --e-global-typography-64af694-font-size );font-weight:var( --e-global-typography-64af694-font-weight );text-transform:var( --e-global-typography-64af694-text-transform );font-style:var( --e-global-typography-64af694-font-style );text-decoration:var( --e-global-typography-64af694-text-decoration );line-height:var( --e-global-typography-64af694-line-height );letter-spacing:var( --e-global-typography-64af694-letter-spacing );word-spacing:var( --e-global-typography-64af694-word-spacing );color:var( --e-global-color-f0e0728 );width:var( --container-widget-width, 540px );max-width:540px;--container-widget-width:540px;--container-widget-flex-grow:0;}.elementor-5445 .elementor-element.elementor-element-298e1254 > .elementor-widget-container{padding:10px 0px 10px 0px;}.elementor-5445 .elementor-element.elementor-element-298e1254.elementor-element{--align-self:center;}.elementor-5445 .elementor-element.elementor-element-9a5befc .elementor-button{background-color:#332436;}@media(max-width:1366px){.elementor-5445 .elementor-element.elementor-element-1ab40717 .elementor-heading-title{font-size:var( --e-global-typography-2c1c402-font-size );line-height:var( --e-global-typography-2c1c402-line-height );letter-spacing:var( --e-global-typography-2c1c402-letter-spacing );word-spacing:var( --e-global-typography-2c1c402-word-spacing );}.elementor-5445 .elementor-element.elementor-element-298e1254{font-size:var( --e-global-typography-64af694-font-size );line-height:var( --e-global-typography-64af694-line-height );letter-spacing:var( --e-global-typography-64af694-letter-spacing );word-spacing:var( --e-global-typography-64af694-word-spacing );}}@media(max-width:1024px){.elementor-5445 .elementor-element.elementor-element-14621d7b{--min-height:100vh;--padding-top:0px;--padding-bottom:0px;--padding-left:40px;--padding-right:40px;}.elementor-5445 .elementor-element.elementor-element-5612ad86{--padding-top:40px;--padding-bottom:60px;--padding-left:0px;--padding-right:0px;}.elementor-5445 .elementor-element.elementor-element-1ab40717{text-align:center;}.elementor-5445 .elementor-element.elementor-element-1ab40717 .elementor-heading-title{font-size:var( --e-global-typography-2c1c402-font-size );line-height:var( --e-global-typography-2c1c402-line-height );letter-spacing:var( --e-global-typography-2c1c402-letter-spacing );word-spacing:var( --e-global-typography-2c1c402-word-spacing );}.elementor-5445 .elementor-element.elementor-element-298e1254{font-size:var( --e-global-typography-64af694-font-size );line-height:var( --e-global-typography-64af694-line-height );letter-spacing:var( --e-global-typography-64af694-letter-spacing );word-spacing:var( --e-global-typography-64af694-word-spacing );--container-widget-width:70%;--container-widget-flex-grow:0;width:var( --container-widget-width, 70% );max-width:70%;}}@media(max-width:767px){.elementor-5445 .elementor-element.elementor-element-14621d7b{--min-height:100vh;--padding-top:0px;--padding-bottom:0px;--padding-left:20px;--padding-right:20px;}.elementor-5445 .elementor-element.elementor-element-1ab40717 .elementor-heading-title{font-size:var( --e-global-typography-2c1c402-font-size );line-height:var( --e-global-typography-2c1c402-line-height );letter-spacing:var( --e-global-typography-2c1c402-letter-spacing );word-spacing:var( --e-global-typography-2c1c402-word-spacing );}.elementor-5445 .elementor-element.elementor-element-1ab40717 > .elementor-widget-container{padding:0px 0px 0px 0px;}.elementor-5445 .elementor-element.elementor-element-298e1254{font-size:var( --e-global-typography-64af694-font-size );line-height:var( --e-global-typography-64af694-line-height );letter-spacing:var( --e-global-typography-64af694-letter-spacing );word-spacing:var( --e-global-typography-64af694-word-spacing );width:100%;max-width:100%;}}<\/style>\t\t<div data-elementor-type=\"wp-page\" data-elementor-id=\"5445\" class=\"elementor elementor-5445\" data-elementor-post-type=\"page\">\n\t\t\t\t<div class=\"elementor-element elementor-element-14621d7b e-con-full e-flex e-con e-parent\" data-id=\"14621d7b\" data-element_type=\"container\" data-e-type=\"container\" data-settings=\"{&quot;background_background&quot;:&quot;classic&quot;}\">\n\t\t<div class=\"elementor-element elementor-element-5612ad86 e-con-full e-flex e-con e-child\" data-id=\"5612ad86\" data-element_type=\"container\" data-e-type=\"container\">\n\t\t\t\t<div class=\"elementor-element elementor-element-1ab40717 elementor-widget elementor-widget-heading\" data-id=\"1ab40717\" data-element_type=\"widget\" data-e-type=\"widget\" data-widget_type=\"heading.default\">\n\t\t\t\t<div class=\"elementor-widget-container\">\n\t\t\t\t\t<h1 class=\"elementor-heading-title elementor-size-default\">404<\/h1>\t\t\t\t<\/div>\n\t\t\t\t<\/div>\n\t\t\t\t<div class=\"elementor-element elementor-element-298e1254 elementor-widget__width-initial elementor-widget-mobile__width-inherit elementor-widget elementor-widget-text-editor\" data-id=\"298e1254\" data-element_type=\"widget\" data-e-type=\"widget\" data-widget_type=\"text-editor.default\">\n\t\t\t\t<div class=\"elementor-widget-container\">\n\t\t\t\t\t\t\t\t\t<p>The page you're looking for seems to have disappeared. Don't worry.<\/p>\t\t\t\t\t\t\t\t<\/div>\n\t\t\t\t<\/div>\n\t\t\t\t<\/div>\n\t\t\t\t<div class=\"elementor-element elementor-element-9a5befc elementor-align-center elementor-widget elementor-widget-button\" data-id=\"9a5befc\" data-element_type=\"widget\" data-e-type=\"widget\" data-widget_type=\"button.default\">\n\t\t\t\t<div class=\"elementor-widget-container\">\n\t\t\t\t\t\t\t\t\t<div class=\"elementor-button-wrapper\">\n\t\t\t\t\t<a class=\"elementor-button elementor-button-link elementor-size-sm\" href=\"https:\/\/spa-castellane.fr\/en\">\n\t\t\t\t\t\t<span class=\"elementor-button-content-wrapper\">\n\t\t\t\t\t\t\t\t\t<span class=\"elementor-button-text\">Back to home page<\/span>\n\t\t\t\t\t<\/span>\n\t\t\t\t\t<\/a>\n\t\t\t\t<\/div>\n\t\t\t\t\t\t\t\t<\/div>\n\t\t\t\t<\/div>\n\t\t\t\t<\/div>\n\t\t\t\t<\/div>","protected":false},"excerpt":{"rendered":"<p>404 The page you are looking for seems to have disappeared. Don't worry. Back to home page<\/p>","protected":false},"author":1,"featured_media":0,"parent":0,"menu_order":15,"comment_status":"closed","ping_status":"closed","template":"elementor_canvas","meta":{"footnotes":""},"class_list":["post-5445","page","type-page","status-publish","hentry"],"yoast_head":"<!-- This site is optimized with the Yoast SEO plugin v27.2 - https:\/\/yoast.com\/product\/yoast-seo-wordpress\/ -->\n<title>404 - Spa Castellane - Espace Bien-\u00catre<\/title>\n<meta name=\"robots\" content=\"index, follow, max-snippet:-1, max-image-preview:large, max-video-preview:-1\" \/>\n<link rel=\"canonical\" href=\"https:\/\/spa-castellane.fr\/en\/404-2\/\" \/>\n<meta property=\"og:locale\" content=\"en_GB\" \/>\n<meta property=\"og:type\" content=\"article\" \/>\n<meta property=\"og:title\" content=\"404 - Spa Castellane - Espace Bien-\u00catre\" \/>\n<meta property=\"og:description\" content=\"404 La page que vous recherchez semble avoir disparu. Ne vous inqui\u00e9tez pas. Retour \u00e0 l&rsquo;accueil\" \/>\n<meta property=\"og:url\" content=\"https:\/\/spa-castellane.fr\/en\/404-2\/\" \/>\n<meta property=\"og:site_name\" content=\"Spa Castellane - Espace Bien-\u00catre\" \/>\n<meta property=\"article:modified_time\" content=\"2024-04-27T12:47:34+00:00\" \/>\n<meta name=\"twitter:card\" content=\"summary_large_image\" \/>\n<meta name=\"twitter:label1\" content=\"Estimated reading time\" \/>\n\t<meta name=\"twitter:data1\" content=\"1 minute\" \/>\n<script type=\"application\/ld+json\" class=\"yoast-schema-graph\">{\"@context\":\"https:\/\/schema.org\",\"@graph\":[{\"@type\":\"WebPage\",\"@id\":\"https:\/\/spa-castellane.fr\/404-2\/\",\"url\":\"https:\/\/spa-castellane.fr\/404-2\/\",\"name\":\"404 - Spa Castellane - Espace Bien-\u00catre\",\"isPartOf\":{\"@id\":\"https:\/\/spa-castellane.fr\/#website\"},\"datePublished\":\"2024-02-23T17:29:50+00:00\",\"dateModified\":\"2024-04-27T12:47:34+00:00\",\"breadcrumb\":{\"@id\":\"https:\/\/spa-castellane.fr\/404-2\/#breadcrumb\"},\"inLanguage\":\"en-GB\",\"potentialAction\":[{\"@type\":\"ReadAction\",\"target\":[\"https:\/\/spa-castellane.fr\/404-2\/\"]}]},{\"@type\":\"BreadcrumbList\",\"@id\":\"https:\/\/spa-castellane.fr\/404-2\/#breadcrumb\",\"itemListElement\":[{\"@type\":\"ListItem\",\"position\":1,\"name\":\"Accueil\",\"item\":\"https:\/\/spa-castellane.fr\/\"},{\"@type\":\"ListItem\",\"position\":2,\"name\":\"404\"}]},{\"@type\":\"WebSite\",\"@id\":\"https:\/\/spa-castellane.fr\/#website\",\"url\":\"https:\/\/spa-castellane.fr\/\",\"name\":\"Camping La Ferme de Castellane\",\"description\":\"Un havre de s\u00e9r\u00e9nit\u00e9 o\u00f9 le stress s\u2019\u00e9vapore et la d\u00e9tente r\u00e8gne en ma\u00eetre.\",\"publisher\":{\"@id\":\"https:\/\/spa-castellane.fr\/#organization\"},\"potentialAction\":[{\"@type\":\"SearchAction\",\"target\":{\"@type\":\"EntryPoint\",\"urlTemplate\":\"https:\/\/spa-castellane.fr\/?s={search_term_string}\"},\"query-input\":{\"@type\":\"PropertyValueSpecification\",\"valueRequired\":true,\"valueName\":\"search_term_string\"}}],\"inLanguage\":\"en-GB\"},{\"@type\":\"Organization\",\"@id\":\"https:\/\/spa-castellane.fr\/#organization\",\"name\":\"Camping La Ferme de Castellane\",\"url\":\"https:\/\/spa-castellane.fr\/\",\"logo\":{\"@type\":\"ImageObject\",\"inLanguage\":\"en-GB\",\"@id\":\"https:\/\/spa-castellane.fr\/#\/schema\/logo\/image\/\",\"url\":\"https:\/\/spa-castellane.fr\/wp-content\/uploads\/2024\/05\/cropped-logoCS1pt1.png\",\"contentUrl\":\"https:\/\/spa-castellane.fr\/wp-content\/uploads\/2024\/05\/cropped-logoCS1pt1.png\",\"width\":300,\"height\":233,\"caption\":\"Camping La Ferme de Castellane\"},\"image\":{\"@id\":\"https:\/\/spa-castellane.fr\/#\/schema\/logo\/image\/\"}}]}<\/script>\n<!-- \/ Yoast SEO plugin. -->","yoast_head_json":{"title":"404 - Spa Castellane - Espace Bien-\u00catre","robots":{"index":"index","follow":"follow","max-snippet":"max-snippet:-1","max-image-preview":"max-image-preview:large","max-video-preview":"max-video-preview:-1"},"canonical":"https:\/\/spa-castellane.fr\/en\/404-2\/","og_locale":"en_GB","og_type":"article","og_title":"404 - Spa Castellane - Espace Bien-\u00catre","og_description":"404 La page que vous recherchez semble avoir disparu. Ne vous inqui\u00e9tez pas. Retour \u00e0 l&rsquo;accueil","og_url":"https:\/\/spa-castellane.fr\/en\/404-2\/","og_site_name":"Spa Castellane - Espace Bien-\u00catre","article_modified_time":"2024-04-27T12:47:34+00:00","twitter_card":"summary_large_image","twitter_misc":{"Estimated reading time":"1 minute"},"schema":{"@context":"https:\/\/schema.org","@graph":[{"@type":"WebPage","@id":"https:\/\/spa-castellane.fr\/404-2\/","url":"https:\/\/spa-castellane.fr\/404-2\/","name":"404 - Spa Castellane - Espace Bien-\u00catre","isPartOf":{"@id":"https:\/\/spa-castellane.fr\/#website"},"datePublished":"2024-02-23T17:29:50+00:00","dateModified":"2024-04-27T12:47:34+00:00","breadcrumb":{"@id":"https:\/\/spa-castellane.fr\/404-2\/#breadcrumb"},"inLanguage":"en-GB","potentialAction":[{"@type":"ReadAction","target":["https:\/\/spa-castellane.fr\/404-2\/"]}]},{"@type":"BreadcrumbList","@id":"https:\/\/spa-castellane.fr\/404-2\/#breadcrumb","itemListElement":[{"@type":"ListItem","position":1,"name":"Accueil","item":"https:\/\/spa-castellane.fr\/"},{"@type":"ListItem","position":2,"name":"404"}]},{"@type":"WebSite","@id":"https:\/\/spa-castellane.fr\/#website","url":"https:\/\/spa-castellane.fr\/","name":"Campsite La Ferme de Castellane","description":"A haven of serenity where stress evaporates and relaxation reigns supreme.","publisher":{"@id":"https:\/\/spa-castellane.fr\/#organization"},"potentialAction":[{"@type":"SearchAction","target":{"@type":"EntryPoint","urlTemplate":"https:\/\/spa-castellane.fr\/?s={search_term_string}"},"query-input":{"@type":"PropertyValueSpecification","valueRequired":true,"valueName":"search_term_string"}}],"inLanguage":"en-GB"},{"@type":"Organization","@id":"https:\/\/spa-castellane.fr\/#organization","name":"Campsite La Ferme de Castellane","url":"https:\/\/spa-castellane.fr\/","logo":{"@type":"ImageObject","inLanguage":"en-GB","@id":"https:\/\/spa-castellane.fr\/#\/schema\/logo\/image\/","url":"https:\/\/spa-castellane.fr\/wp-content\/uploads\/2024\/05\/cropped-logoCS1pt1.png","contentUrl":"https:\/\/spa-castellane.fr\/wp-content\/uploads\/2024\/05\/cropped-logoCS1pt1.png","width":300,"height":233,"caption":"Camping La Ferme de Castellane"},"image":{"@id":"https:\/\/spa-castellane.fr\/#\/schema\/logo\/image\/"}}]}},"_links":{"self":[{"href":"https:\/\/spa-castellane.fr\/en\/wp-json\/wp\/v2\/pages\/5445","targetHints":{"allow":["GET"]}}],"collection":[{"href":"https:\/\/spa-castellane.fr\/en\/wp-json\/wp\/v2\/pages"}],"about":[{"href":"https:\/\/spa-castellane.fr\/en\/wp-json\/wp\/v2\/types\/page"}],"author":[{"embeddable":true,"href":"https:\/\/spa-castellane.fr\/en\/wp-json\/wp\/v2\/users\/1"}],"replies":[{"embeddable":true,"href":"https:\/\/spa-castellane.fr\/en\/wp-json\/wp\/v2\/comments?post=5445"}],"version-history":[{"count":13,"href":"https:\/\/spa-castellane.fr\/en\/wp-json\/wp\/v2\/pages\/5445\/revisions"}],"predecessor-version":[{"id":5847,"href":"https:\/\/spa-castellane.fr\/en\/wp-json\/wp\/v2\/pages\/5445\/revisions\/5847"}],"wp:attachment":[{"href":"https:\/\/spa-castellane.fr\/en\/wp-json\/wp\/v2\/media?parent=5445"}],"curies":[{"name":"wp","href":"https:\/\/api.w.org\/{rel}","templated":true}]}}