{"id":3,"date":"2024-01-10T17:09:32","date_gmt":"2024-01-10T16:09:32","guid":{"rendered":"http:\/\/camping-la-ferme.com\/?page_id=3"},"modified":"2024-01-28T11:13:33","modified_gmt":"2024-01-28T10:13:33","slug":"informativa-sulla-privacy","status":"publish","type":"page","link":"https:\/\/spa-castellane.fr\/it\/politique-de-confidentialite\/","title":{"rendered":"Informativa sulla privacy"},"content":{"rendered":"<style>.elementor-3 .elementor-element.elementor-element-293c4199{--display:flex;}<\/style>\t\t<div data-elementor-type=\"wp-page\" data-elementor-id=\"3\" class=\"elementor elementor-3\" data-elementor-post-type=\"page\">\n\t\t\t\t<div class=\"elementor-element elementor-element-293c4199 e-flex e-con-boxed e-con e-parent\" data-id=\"293c4199\" data-element_type=\"container\" data-e-type=\"container\">\n\t\t\t\t\t<div class=\"e-con-inner\">\n\t\t\t\t<div class=\"elementor-element elementor-element-8ae6bf3 elementor-widget elementor-widget-button\" data-id=\"8ae6bf3\" data-element_type=\"widget\" data-e-type=\"widget\" data-widget_type=\"button.default\">\n\t\t\t\t<div class=\"elementor-widget-container\">\n\t\t\t\t\t\t\t\t\t<div class=\"elementor-button-wrapper\">\n\t\t\t\t\t<a class=\"elementor-button elementor-button-link elementor-size-sm\" href=\"https:\/\/spa-castellane.fr\/it\">\n\t\t\t\t\t\t<span class=\"elementor-button-content-wrapper\">\n\t\t\t\t\t\t\t\t\t<span class=\"elementor-button-text\">Casa<\/span>\n\t\t\t\t\t<\/span>\n\t\t\t\t\t<\/a>\n\t\t\t\t<\/div>\n\t\t\t\t\t\t\t\t<\/div>\n\t\t\t\t<\/div>\n\t\t\t\t<div class=\"elementor-element elementor-element-32aa102f elementor-widget elementor-widget-text-editor\" data-id=\"32aa102f\" data-element_type=\"widget\" data-e-type=\"widget\" data-widget_type=\"text-editor.default\">\n\t\t\t\t<div class=\"elementor-widget-container\">\n\t\t\t\t\t\t\t\t\t<div class=\"elementor-element elementor-element-66b8c400 elementor-widget elementor-widget-heading\" data-id=\"66b8c400\" data-element_type=\"widget\" data-widget_type=\"heading.default\">\n<div class=\"elementor-widget-container\">\n<h2 class=\"elementor-heading-title elementor-size-default\">Informativa sulla privacy<\/h2>\n<p>\u00a0<\/p>\n<p class=\"elementor-heading-title elementor-size-default\"><strong style=\"font-size: 16px;\">Informazioni generali<\/strong><span style=\"font-size: 16px;\">\u00a0:<\/span><\/p>\n<p>\u00a0<\/p>\n<\/div>\n<\/div>\n<div class=\"elementor-element elementor-element-7952ac6 elementor-widget elementor-widget-text-editor\" data-id=\"7952ac6\" data-element_type=\"widget\" data-widget_type=\"text-editor.default\">\n<div class=\"elementor-widget-container\">\n<p>Quando l'utente visita il nostro sito web, vengono raccolti vari tipi di informazioni, tra cui l'indirizzo IP da cui accede al sito, la versione e il tipo di browser utilizzato per accedere al sito, il sistema operativo utilizzato, i domini e l'ora della richiesta. Queste informazioni non ci permettono di identificare l'identit\u00e0 dell'utente e questo non \u00e8 il nostro obiettivo. Utilizziamo le informazioni raccolte esclusivamente a fini statistici, principalmente per migliorare il contenuto e la presentazione del nostro sito web. Si prega di notare che possiamo raccogliere ulteriori dati, come nome, indirizzo postale e di posta elettronica e numero di telefono, che l'utente fornisce volontariamente durante la navigazione nel nostro sito. Potete anche pagare e utilizzare i nostri servizi utilizzando uno pseudonimo o dati anonimizzati, senza fornirci i dati personali di cui sopra.<\/p>\n<p><strong>Biscotti<\/strong>\u00a0:<\/p>\n<p>Questo sito web utilizza i cookie per raccogliere dati a fini statistici. I cookie sono piccoli file memorizzati sul disco rigido del vostro computer; quando navigate sul nostro sito, monitorano la vostra attivit\u00e0 e ci forniscono dati chiave per facilitare la navigazione. Se i cookie vengono memorizzati sul vostro computer, non dovrete inserire tutti i dati necessari per accedere al sito ogni volta che lo visitate. Questi dati ci permettono di personalizzare il nostro sito web in base ai vostri gusti e alle vostre esigenze; questo fa parte del nostro sforzo generale per fornirvi un accesso continuo alle nostre pagine e ai nostri servizi. Se non desiderate che i cookie vengano memorizzati sul vostro computer, potete utilizzare le impostazioni del vostro browser per bloccare i cookie dal nostro sito. Per sapere come configurare il vostro browser per gestire i cookie, visitate il centro assistenza del vostro browser. Potete cancellare i cookie gi\u00e0 memorizzati sul vostro computer ogni volta che lo desiderate. Si noti che il blocco dei cookie pu\u00f2 limitare l'accesso ad alcune funzioni del nostro sito e comportare un'esperienza di navigazione meno fluida.<\/p>\n<p><strong>Comunicazione dei dati a terzi<\/strong>\u00a0:<\/p>\n<p>Se non diversamente indicato nella presente informativa, tutti i dati che condividete con noi, o che raccogliamo da voi quando navigate sul nostro sito, saranno mantenuti segreti e non saranno divulgati a terzi, se non nei casi previsti dalla legge o se i dati devono essere trasmessi per adempiere al rapporto contrattuale che avete sottoscritto. Societ\u00e0 terze e associate, comprese le societ\u00e0 di pagamento online, avranno accesso a questi dati solo se necessario per elaborare l'ordine. In questi casi, ci assicureremo che la portata della trasmissione dei dati sia limitata al minimo indispensabile concordato. Inoltre, imponiamo una rigorosa politica di protezione dei dati personali che ci fornite o che troviamo. Seguendo questa politica, ci atteniamo alle disposizioni della legislazione sulla protezione dei dati. Si prega di notare che non siamo responsabili per i dati forniti ad altri fornitori di servizi. Prendiamo provvedimenti solo per garantire che i dati che vi riguardano forniti da altri fornitori di servizi siano forniti nel pieno rispetto dei requisiti delle leggi sulla protezione dei dati e sulla privacy, come indicato nella nostra Informativa sulla privacy.<\/p>\n<p><strong>Google Analytics<\/strong>\u00a0:<\/p>\n<p>Questo sito web utilizza Google Analytics, un servizio di analisi gestito da Google che aiuta i siti web a capire come personalizzare le proprie pagine per migliorare l'esperienza degli utenti. Questo servizio utilizza i cookie per tracciare le vostre azioni, compreso il tempo che trascorrete sul nostro sito e le pagine che visitate. Si prega di notare che l'uso del nostro account Google Analytics non raccoglie alcun dato personale, pertanto non siamo in grado di identificare chi visita il nostro sito. Per saperne di pi\u00f9 su Google Analytics, visitate la pagina ufficiale.<\/p>\n<p><strong>Remarketing di Google Adwords<\/strong>\u00a0:<\/p>\n<p>Utilizziamo Google AdWords Remarketing per scopi pubblicitari su Internet. Il programma di remarketing di AdWords consente di visualizzare pubblicit\u00e0 pertinenti in base alle pagine del sito visitate. Queste informazioni sono raccolte da un cookie collocato sul vostro computer. QUESTO COOKIE NON IDENTIFICA ALCUN DATO PERSONALE E NON AUTORIZZA L'ACCESSO AL VOSTRO COMPUTER. Grazie al programma di Remarketing di Google AdWords, siamo in grado di personalizzare le nostre azioni di marketing in base alle vostre esigenze e di visualizzare solo gli annunci pubblicitari che potrebbero interessarvi.<\/p>\n<p><strong>Facebook: pixel del pubblico personalizzato<\/strong>\u00a0(pubblico personalizzato per il vostro sito web) :<\/p>\n<p>Un Facebook Custom Audience Pixel \u00e8 un pezzo di codice JavaScript installato su ogni pagina del vostro sito che raccoglie e trasmette dati definiti dall'utente al programma di marketing di Facebook. Utilizziamo questo servizio per raccogliere dati relativi al comportamento degli utenti sul nostro sito. Le informazioni raccolte dal pixel includono la sessione di navigazione dell'utente, che viene inviata a Facebook insieme a un ID con hash e all'URL visitato dall'utente. Ogni utente di Facebook ha un ID Facebook unico, indipendentemente dal dispositivo utilizzato, che ci aiuta a monitorare i visitatori quando accedono al nostro sito da diversi tipi di dispositivi. Utilizziamo questi dati per scopi commerciali e, in particolare, per la pubblicit\u00e0 mirata con la piattaforma pubblicitaria di Facebook.<\/p>\n<p><strong>Newsletter<\/strong>\u00a0:<\/p>\n<p>Riceverete informazioni pubblicitarie tramite la nostra newsletter solo se ci autorizzate a utilizzare il vostro indirizzo e-mail a tale scopo. Il nostro sito o le sue filiali non vi invieranno mai newsletter o e-mail pubblicitarie se non vi siete iscritti. Iscrivendosi alla nostra newsletter, \u00e8 possibile scegliere le aree di interesse per ricevere le relative e-mail. Utilizziamo queste informazioni e i vostri dati personali per inviarvi informazioni di vostro interesse. Se si desidera annullare l'iscrizione alla nostra newsletter o alle e-mail pubblicitarie, \u00e8 possibile fare clic sul link di annullamento dell'iscrizione in fondo alle nostre e-mail.<\/p>\n<p>\u00a0<\/p>\n<\/div>\n<\/div>\t\t\t\t\t\t\t\t<\/div>\n\t\t\t\t<\/div>\n\t\t\t\t<div class=\"elementor-element elementor-element-ec31138 elementor-align-right elementor-widget elementor-widget-button\" data-id=\"ec31138\" data-element_type=\"widget\" data-e-type=\"widget\" data-widget_type=\"button.default\">\n\t\t\t\t<div class=\"elementor-widget-container\">\n\t\t\t\t\t\t\t\t\t<div class=\"elementor-button-wrapper\">\n\t\t\t\t\t<a class=\"elementor-button elementor-button-link elementor-size-sm\" href=\"https:\/\/spa-castellane.fr\/it\">\n\t\t\t\t\t\t<span class=\"elementor-button-content-wrapper\">\n\t\t\t\t\t\t\t\t\t<span class=\"elementor-button-text\">Casa<\/span>\n\t\t\t\t\t<\/span>\n\t\t\t\t\t<\/a>\n\t\t\t\t<\/div>\n\t\t\t\t\t\t\t\t<\/div>\n\t\t\t\t<\/div>\n\t\t\t\t\t<\/div>\n\t\t\t\t<\/div>\n\t\t\t\t<\/div>","protected":false},"excerpt":{"rendered":"<p>Accueil Politique de confidentialit\u00e9 \u00a0 Informations g\u00e9n\u00e9rales\u00a0: \u00a0 Lorsque vous visitez notre site Internet, diff\u00e9rents types d\u2019informations sont r\u00e9colt\u00e9s dont l\u2019adresse IP depuis laquelle vous acc\u00e9dez au site, la version et le type de navigateur utilis\u00e9s pour acc\u00e9der au site, le syst\u00e8me d\u2019exploitation utilis\u00e9, les domaines et l\u2019heure de la requ\u00eate. Ces informations ne nous [&hellip;]<\/p>\n","protected":false},"author":1,"featured_media":0,"parent":0,"menu_order":0,"comment_status":"closed","ping_status":"open","template":"elementor_canvas","meta":{"footnotes":""},"class_list":["post-3","page","type-page","status-publish","hentry"],"yoast_head":"<!-- This site is optimized with the Yoast SEO plugin v27.2 - https:\/\/yoast.com\/product\/yoast-seo-wordpress\/ -->\n<title>Politique de confidentialit\u00e9 - Spa Castellane - Espace Bien-\u00catre<\/title>\n<meta name=\"robots\" content=\"noindex, nofollow\" \/>\n<meta property=\"og:locale\" content=\"it_IT\" \/>\n<meta property=\"og:type\" content=\"article\" \/>\n<meta property=\"og:title\" content=\"Politique de confidentialit\u00e9 - Spa Castellane - Espace Bien-\u00catre\" \/>\n<meta property=\"og:description\" content=\"Accueil Politique de confidentialit\u00e9 \u00a0 Informations g\u00e9n\u00e9rales\u00a0: \u00a0 Lorsque vous visitez notre site Internet, diff\u00e9rents types d\u2019informations sont r\u00e9colt\u00e9s dont l\u2019adresse IP depuis laquelle vous acc\u00e9dez au site, la version et le type de navigateur utilis\u00e9s pour acc\u00e9der au site, le syst\u00e8me d\u2019exploitation utilis\u00e9, les domaines et l\u2019heure de la requ\u00eate. Ces informations ne nous [&hellip;]\" \/>\n<meta property=\"og:url\" content=\"https:\/\/spa-castellane.fr\/it\/informativa-sulla-privacy\/\" \/>\n<meta property=\"og:site_name\" content=\"Spa Castellane - Espace Bien-\u00catre\" \/>\n<meta property=\"article:modified_time\" content=\"2024-01-28T10:13:33+00:00\" \/>\n<meta name=\"twitter:card\" content=\"summary_large_image\" \/>\n<meta name=\"twitter:label1\" content=\"Tempo di lettura stimato\" \/>\n\t<meta name=\"twitter:data1\" content=\"11 minuti\" \/>\n<script type=\"application\/ld+json\" class=\"yoast-schema-graph\">{\"@context\":\"https:\/\/schema.org\",\"@graph\":[{\"@type\":\"WebPage\",\"@id\":\"https:\/\/spa-castellane.fr\/politique-de-confidentialite\/\",\"url\":\"https:\/\/spa-castellane.fr\/politique-de-confidentialite\/\",\"name\":\"Politique de confidentialit\u00e9 - Spa Castellane - Espace Bien-\u00catre\",\"isPartOf\":{\"@id\":\"https:\/\/spa-castellane.fr\/#website\"},\"datePublished\":\"2024-01-10T16:09:32+00:00\",\"dateModified\":\"2024-01-28T10:13:33+00:00\",\"breadcrumb\":{\"@id\":\"https:\/\/spa-castellane.fr\/politique-de-confidentialite\/#breadcrumb\"},\"inLanguage\":\"it-IT\",\"potentialAction\":[{\"@type\":\"ReadAction\",\"target\":[\"https:\/\/spa-castellane.fr\/politique-de-confidentialite\/\"]}]},{\"@type\":\"BreadcrumbList\",\"@id\":\"https:\/\/spa-castellane.fr\/politique-de-confidentialite\/#breadcrumb\",\"itemListElement\":[{\"@type\":\"ListItem\",\"position\":1,\"name\":\"Accueil\",\"item\":\"https:\/\/spa-castellane.fr\/\"},{\"@type\":\"ListItem\",\"position\":2,\"name\":\"Politique de confidentialit\u00e9\"}]},{\"@type\":\"WebSite\",\"@id\":\"https:\/\/spa-castellane.fr\/#website\",\"url\":\"https:\/\/spa-castellane.fr\/\",\"name\":\"Camping La Ferme de Castellane\",\"description\":\"Un havre de s\u00e9r\u00e9nit\u00e9 o\u00f9 le stress s\u2019\u00e9vapore et la d\u00e9tente r\u00e8gne en ma\u00eetre.\",\"publisher\":{\"@id\":\"https:\/\/spa-castellane.fr\/#organization\"},\"potentialAction\":[{\"@type\":\"SearchAction\",\"target\":{\"@type\":\"EntryPoint\",\"urlTemplate\":\"https:\/\/spa-castellane.fr\/?s={search_term_string}\"},\"query-input\":{\"@type\":\"PropertyValueSpecification\",\"valueRequired\":true,\"valueName\":\"search_term_string\"}}],\"inLanguage\":\"it-IT\"},{\"@type\":\"Organization\",\"@id\":\"https:\/\/spa-castellane.fr\/#organization\",\"name\":\"Camping La Ferme de Castellane\",\"url\":\"https:\/\/spa-castellane.fr\/\",\"logo\":{\"@type\":\"ImageObject\",\"inLanguage\":\"it-IT\",\"@id\":\"https:\/\/spa-castellane.fr\/#\/schema\/logo\/image\/\",\"url\":\"https:\/\/spa-castellane.fr\/wp-content\/uploads\/2024\/05\/cropped-logoCS1pt1.png\",\"contentUrl\":\"https:\/\/spa-castellane.fr\/wp-content\/uploads\/2024\/05\/cropped-logoCS1pt1.png\",\"width\":300,\"height\":233,\"caption\":\"Camping La Ferme de Castellane\"},\"image\":{\"@id\":\"https:\/\/spa-castellane.fr\/#\/schema\/logo\/image\/\"}}]}<\/script>\n<!-- \/ Yoast SEO plugin. -->","yoast_head_json":{"title":"Informativa sulla privacy - Spa Castellane - Espace Bien-\u00catre","robots":{"index":"noindex","follow":"nofollow"},"og_locale":"it_IT","og_type":"article","og_title":"Politique de confidentialit\u00e9 - Spa Castellane - Espace Bien-\u00catre","og_description":"Accueil Politique de confidentialit\u00e9 \u00a0 Informations g\u00e9n\u00e9rales\u00a0: \u00a0 Lorsque vous visitez notre site Internet, diff\u00e9rents types d\u2019informations sont r\u00e9colt\u00e9s dont l\u2019adresse IP depuis laquelle vous acc\u00e9dez au site, la version et le type de navigateur utilis\u00e9s pour acc\u00e9der au site, le syst\u00e8me d\u2019exploitation utilis\u00e9, les domaines et l\u2019heure de la requ\u00eate. Ces informations ne nous [&hellip;]","og_url":"https:\/\/spa-castellane.fr\/it\/informativa-sulla-privacy\/","og_site_name":"Spa Castellane - Espace Bien-\u00catre","article_modified_time":"2024-01-28T10:13:33+00:00","twitter_card":"summary_large_image","twitter_misc":{"Tempo di lettura stimato":"11 minuti"},"schema":{"@context":"https:\/\/schema.org","@graph":[{"@type":"WebPage","@id":"https:\/\/spa-castellane.fr\/politique-de-confidentialite\/","url":"https:\/\/spa-castellane.fr\/politique-de-confidentialite\/","name":"Informativa sulla privacy - Spa Castellane - Espace Bien-\u00catre","isPartOf":{"@id":"https:\/\/spa-castellane.fr\/#website"},"datePublished":"2024-01-10T16:09:32+00:00","dateModified":"2024-01-28T10:13:33+00:00","breadcrumb":{"@id":"https:\/\/spa-castellane.fr\/politique-de-confidentialite\/#breadcrumb"},"inLanguage":"it-IT","potentialAction":[{"@type":"ReadAction","target":["https:\/\/spa-castellane.fr\/politique-de-confidentialite\/"]}]},{"@type":"BreadcrumbList","@id":"https:\/\/spa-castellane.fr\/politique-de-confidentialite\/#breadcrumb","itemListElement":[{"@type":"ListItem","position":1,"name":"Accueil","item":"https:\/\/spa-castellane.fr\/"},{"@type":"ListItem","position":2,"name":"Politique de confidentialit\u00e9"}]},{"@type":"WebSite","@id":"https:\/\/spa-castellane.fr\/#website","url":"https:\/\/spa-castellane.fr\/","name":"Campeggio La Ferme de Castellane","description":"Un'oasi di serenit\u00e0 dove lo stress evapora e il relax regna sovrano.","publisher":{"@id":"https:\/\/spa-castellane.fr\/#organization"},"potentialAction":[{"@type":"SearchAction","target":{"@type":"EntryPoint","urlTemplate":"https:\/\/spa-castellane.fr\/?s={search_term_string}"},"query-input":{"@type":"PropertyValueSpecification","valueRequired":true,"valueName":"search_term_string"}}],"inLanguage":"it-IT"},{"@type":"Organization","@id":"https:\/\/spa-castellane.fr\/#organization","name":"Campeggio La Ferme de Castellane","url":"https:\/\/spa-castellane.fr\/","logo":{"@type":"ImageObject","inLanguage":"it-IT","@id":"https:\/\/spa-castellane.fr\/#\/schema\/logo\/image\/","url":"https:\/\/spa-castellane.fr\/wp-content\/uploads\/2024\/05\/cropped-logoCS1pt1.png","contentUrl":"https:\/\/spa-castellane.fr\/wp-content\/uploads\/2024\/05\/cropped-logoCS1pt1.png","width":300,"height":233,"caption":"Camping La Ferme de Castellane"},"image":{"@id":"https:\/\/spa-castellane.fr\/#\/schema\/logo\/image\/"}}]}},"_links":{"self":[{"href":"https:\/\/spa-castellane.fr\/it\/wp-json\/wp\/v2\/pages\/3","targetHints":{"allow":["GET"]}}],"collection":[{"href":"https:\/\/spa-castellane.fr\/it\/wp-json\/wp\/v2\/pages"}],"about":[{"href":"https:\/\/spa-castellane.fr\/it\/wp-json\/wp\/v2\/types\/page"}],"author":[{"embeddable":true,"href":"https:\/\/spa-castellane.fr\/it\/wp-json\/wp\/v2\/users\/1"}],"replies":[{"embeddable":true,"href":"https:\/\/spa-castellane.fr\/it\/wp-json\/wp\/v2\/comments?post=3"}],"version-history":[{"count":19,"href":"https:\/\/spa-castellane.fr\/it\/wp-json\/wp\/v2\/pages\/3\/revisions"}],"predecessor-version":[{"id":2150,"href":"https:\/\/spa-castellane.fr\/it\/wp-json\/wp\/v2\/pages\/3\/revisions\/2150"}],"wp:attachment":[{"href":"https:\/\/spa-castellane.fr\/it\/wp-json\/wp\/v2\/media?parent=3"}],"curies":[{"name":"wp","href":"https:\/\/api.w.org\/{rel}","templated":true}]}}