{"id":7019,"date":"2025-04-21T13:15:25","date_gmt":"2025-04-21T11:15:25","guid":{"rendered":"https:\/\/spa-castellane.fr\/?page_id=7019"},"modified":"2025-06-23T17:52:58","modified_gmt":"2025-06-23T15:52:58","slug":"blog","status":"publish","type":"page","link":"https:\/\/spa-castellane.fr\/it\/blog\/","title":{"rendered":"Blog"},"content":{"rendered":"<div data-elementor-type=\"wp-page\" data-elementor-id=\"7019\" class=\"elementor elementor-7019\" data-elementor-post-type=\"page\">\n\t\t\t\t<div class=\"elementor-element elementor-element-ffd5108 e-flex e-con-boxed e-con e-parent\" data-id=\"ffd5108\" data-element_type=\"container\" data-e-type=\"container\" data-settings=\"{&quot;background_background&quot;:&quot;classic&quot;,&quot;shape_divider_bottom&quot;:&quot;waves&quot;}\">\n\t\t\t\t\t<div class=\"e-con-inner\">\n\t\t\t\t<div class=\"elementor-shape elementor-shape-bottom\" aria-hidden=\"true\" data-negative=\"false\">\n\t\t\t<svg xmlns=\"http:\/\/www.w3.org\/2000\/svg\" viewbox=\"0 0 1000 100\" preserveaspectratio=\"none\">\n\t<path class=\"elementor-shape-fill\" d=\"M421.9,6.5c22.6-2.5,51.5,0.4,75.5,5.3c23.6,4.9,70.9,23.5,100.5,35.7c75.8,32.2,133.7,44.5,192.6,49.7\tc23.6,2.1,48.7,3.5,103.4-2.5c54.7-6,106.2-25.6,106.2-25.6V0H0v30.3c0,0,72,32.6,158.4,30.5c39.2-0.7,92.8-6.7,134-22.4\tc21.2-8.1,52.2-18.2,79.7-24.2C399.3,7.9,411.6,7.5,421.9,6.5z\"\/>\n<\/svg>\t\t<\/div>\n\t\t<div class=\"elementor-element elementor-element-3822a3f e-con-full e-flex e-con e-child\" data-id=\"3822a3f\" data-element_type=\"container\" data-e-type=\"container\">\n\t\t\t\t<div class=\"elementor-element elementor-element-f909927 elementor-widget elementor-widget-heading\" data-id=\"f909927\" data-element_type=\"widget\" data-e-type=\"widget\" data-widget_type=\"heading.default\">\n\t\t\t\t<div class=\"elementor-widget-container\">\n\t\t\t\t\t<h2 class=\"elementor-heading-title elementor-size-default\">Blog<\/h2>\t\t\t\t<\/div>\n\t\t\t\t<\/div>\n\t\t\t\t<\/div>\n\t\t\t\t\t<\/div>\n\t\t\t\t<\/div>\n\t\t\t\t<section class=\"elementor-section elementor-top-section elementor-element elementor-element-4d951b8 elementor-section-boxed elementor-section-height-default elementor-section-height-default\" data-id=\"4d951b8\" data-element_type=\"section\" data-e-type=\"section\">\n\t\t\t\t\t\t<div class=\"elementor-container elementor-column-gap-default\">\n\t\t\t\t\t<div class=\"elementor-column elementor-col-50 elementor-top-column elementor-element elementor-element-15ec756d\" data-id=\"15ec756d\" data-element_type=\"column\" data-e-type=\"column\">\n\t\t\t<div class=\"elementor-widget-wrap elementor-element-populated\">\n\t\t\t\t\t\t<div class=\"elementor-element elementor-element-40e6283 elementor-widget elementor-widget-elementskit-blog-posts\" data-id=\"40e6283\" data-element_type=\"widget\" data-e-type=\"widget\" data-widget_type=\"elementskit-blog-posts.default\">\n\t\t\t\t<div class=\"elementor-widget-container\">\n\t\t\t\t\t<div class=\"ekit-wid-con\" >        <div id=\"post-items--40e6283\" class=\"row post-items\">\n                    <div class=\"col-lg-12 col-md-12\">\n\n                                    <div class=\"elementskit-post-image-card\">\n                        <div class=\"elementskit-entry-header\">\n                                                            <a href=\"https:\/\/spa-castellane.fr\/it\/massage-apres-randonnee-verdon\/\" class=\"elementskit-entry-thumb\">\n                                    <img decoding=\"async\" src=\"https:\/\/spa-castellane.fr\/wp-content\/uploads\/2025\/04\/randonnee.webp\" alt=\"Guida al benessere dopo l&#039;escursione nel Verdon\">\n                                <\/a><!-- .elementskit-entry-thumb END -->\n                                                            \n                            \n\t\t\t\t\t\t\t\t\t\t\t\t\t<\/div><!-- .elementskit-entry-header END -->\n\n\t\t\t\t\t\t<div class=\"elementskit-post-body\">\n\t\t\t\t\t\t\t\n\t\t\t\t\t\t\t\t\t\t\t\t\t\t\t\t\t\t\t\t\t\t\t\t\t\n\t\t\t\t\t\t\t\t\n\t\t\t\t\t\t\t\t\t\t\t\t\t\t\t\t\t\t\t\t\t<h2 class=\"entry-title\">\n\t\t\t\t\t<a href=\"https:\/\/spa-castellane.fr\/it\/massage-apres-randonnee-verdon\/\">\n\t\t\t\t\t\tGuida al benessere dopo l'escursione nel Verdon\t\t\t\t\t<\/a>\n\t\t\t\t<\/h2>\n\t\t\t\t\t\t\t\t\t\t\t\t\t\t\t\t\t\t\t\t\t\t\t\t\t\t\t\t\t\t\t\t\t\t\t\t\t\t\t\t\t\t<p>I 5 benefici di un massaggio dopo un'escursione alle Gole del Verdon<br \/>\nAvete appena concluso una bella escursione sui sentieri Blanc-Martel o Imbut? Ben fatto! Vi siete guadagnati una buona dose di relax... e anche il vostro corpo! Alla Spa Castellane accogliamo regolarmente escursionisti venuti a dare sollievo ai loro muscoli affaticati dopo aver scalato le vertiginose falesie del Verdon. <\/p>\n\t\t\t\t\t\t\t\t\t\t\t\t\t\t\t\t\t\t\t\t\t\t                                                    <\/div><!-- .elementskit-post-body END -->\n                    <\/div>\n                \n            <\/div>\n                    <div class=\"col-lg-12 col-md-12\">\n\n                                    <div class=\"elementskit-post-image-card\">\n                        <div class=\"elementskit-entry-header\">\n                                                            <a href=\"https:\/\/spa-castellane.fr\/it\/comment-bien-preparer-votre-seance-de-spa-privatif\/\" class=\"elementskit-entry-thumb\">\n                                    <img decoding=\"async\" src=\"https:\/\/spa-castellane.fr\/wp-content\/uploads\/2025\/05\/Spa-Solo1.webp\" alt=\"Come prepararsi per la sessione di spa privata\" loading=\"lazy\">\n                                <\/a><!-- .elementskit-entry-thumb END -->\n                                                            \n                            \n\t\t\t\t\t\t\t\t\t\t\t\t\t<\/div><!-- .elementskit-entry-header END -->\n\n\t\t\t\t\t\t<div class=\"elementskit-post-body\">\n\t\t\t\t\t\t\t\n\t\t\t\t\t\t\t\t\t\t\t\t\t\t\t\t\t\t\t\t\t\t\t\t\t\n\t\t\t\t\t\t\t\t\n\t\t\t\t\t\t\t\t\t\t\t\t\t\t\t\t\t\t\t\t\t<h2 class=\"entry-title\">\n\t\t\t\t\t<a href=\"https:\/\/spa-castellane.fr\/it\/comment-bien-preparer-votre-seance-de-spa-privatif\/\">\n\t\t\t\t\t\tComment bien pr\u00e9parer votre s\u00e9ance de spa&hellip;\t\t\t\t\t<\/a>\n\t\t\t\t<\/h2>\n\t\t\t\t\t\t\t\t\t\t\t\t\t\t\t\t\t\t\t\t\t\t\t\t\t\t\t\t\t\t\t\t\t\t\t\t\t\t\t\t\t\t<p>Spa Castellane - Il vostro momento di benessere nel Verdon (04120)<\/p>\n<p>Avete prenotato una seduta presso la nostra spa privata di Castellane e vi state chiedendo come sfruttarla al meglio? <\/p>\n<p>Che vogliate rilassarvi da soli, in coppia o dopo un'escursione alle Gole del Verdon, ecco alcuni consigli per prepararvi alla vostra pausa benessere nelle migliori condizioni possibili.<\/p>\n\t\t\t\t\t\t\t\t\t\t\t\t\t\t\t\t\t\t\t\t\t\t                                                    <\/div><!-- .elementskit-post-body END -->\n                    <\/div>\n                \n            <\/div>\n                    <div class=\"col-lg-12 col-md-12\">\n\n                                    <div class=\"elementskit-post-image-card\">\n                        <div class=\"elementskit-entry-header\">\n                                                            <a href=\"https:\/\/spa-castellane.fr\/it\/offrez-vous-un-moment-a-deux-massage-duo-et-spa-a-castellane\/\" class=\"elementskit-entry-thumb\">\n                                    <img decoding=\"async\" src=\"https:\/\/spa-castellane.fr\/wp-content\/uploads\/2025\/06\/massage-duo-image.webp\" alt=\"Concedetevi un momento per due: duo massaggio e spa a Castellane\" loading=\"lazy\">\n                                <\/a><!-- .elementskit-entry-thumb END -->\n                                                            \n                            \n\t\t\t\t\t\t\t\t\t\t\t\t\t<\/div><!-- .elementskit-entry-header END -->\n\n\t\t\t\t\t\t<div class=\"elementskit-post-body\">\n\t\t\t\t\t\t\t\n\t\t\t\t\t\t\t\t\t\t\t\t\t\t\t\t\t\t\t\t\t\t\t\t\t\n\t\t\t\t\t\t\t\t\n\t\t\t\t\t\t\t\t\t\t\t\t\t\t\t\t\t\t\t\t\t<h2 class=\"entry-title\">\n\t\t\t\t\t<a href=\"https:\/\/spa-castellane.fr\/it\/offrez-vous-un-moment-a-deux-massage-duo-et-spa-a-castellane\/\">\n\t\t\t\t\t\tOffrez-vous un moment \u00e0 deux : massage&hellip;\t\t\t\t\t<\/a>\n\t\t\t\t<\/h2>\n\t\t\t\t\t\t\t\t\t\t\t\t\t\t\t\t\t\t\t\t\t\t\t\t\t\t\t\t\t\t\t\t\t\t\t\t\t\t\t\t\t\t<p>Situata nel cuore delle Alpi dell'Alta Provenza, Castellane \u00e8 una destinazione popolare per i suoi paesaggi mozzafiato, le sue attivit\u00e0 all'aria aperta... e la sua arte di vivere. Dopo una giornata di escursioni nelle Gole del Verdon o una romantica passeggiata lungo il fiume, non c'\u00e8 niente di meglio di un momento di puro relax per due. Concedetevi un massaggio di coppia seguito da una seduta termale presso la Spa Castellane e godetevi un'esperienza indimenticabile per due.<\/p>\n\t\t\t\t\t\t\t\t\t\t\t\t\t\t\t\t\t\t\t\t\t\t                                                    <\/div><!-- .elementskit-post-body END -->\n                    <\/div>\n                \n            <\/div>\n                <\/div>\n       <\/div>\t\t\t\t<\/div>\n\t\t\t\t<\/div>\n\t\t\t\t<div class=\"elementor-element elementor-element-100ee2b elementor-align-right elementor-widget elementor-widget-button\" data-id=\"100ee2b\" data-element_type=\"widget\" data-e-type=\"widget\" data-widget_type=\"button.default\">\n\t\t\t\t<div class=\"elementor-widget-container\">\n\t\t\t\t\t\t\t\t\t<div class=\"elementor-button-wrapper\">\n\t\t\t\t\t<a class=\"elementor-button elementor-button-link elementor-size-sm\" href=\"#\">\n\t\t\t\t\t\t<span class=\"elementor-button-content-wrapper\">\n\t\t\t\t\t\t\t\t\t<span class=\"elementor-button-text\">Per saperne di pi\u00f9<\/span>\n\t\t\t\t\t<\/span>\n\t\t\t\t\t<\/a>\n\t\t\t\t<\/div>\n\t\t\t\t\t\t\t\t<\/div>\n\t\t\t\t<\/div>\n\t\t\t\t\t<\/div>\n\t\t<\/div>\n\t\t\t\t<div class=\"elementor-column elementor-col-50 elementor-top-column elementor-element elementor-element-73e5bf24\" data-id=\"73e5bf24\" data-element_type=\"column\" data-e-type=\"column\">\n\t\t\t<div class=\"elementor-widget-wrap elementor-element-populated\">\n\t\t\t\t\t\t<section class=\"elementor-section elementor-inner-section elementor-element elementor-element-27d20bd8 elementor-section-boxed elementor-section-height-default elementor-section-height-default\" data-id=\"27d20bd8\" data-element_type=\"section\" data-e-type=\"section\">\n\t\t\t\t\t\t<div class=\"elementor-container elementor-column-gap-default\">\n\t\t\t\t\t<div class=\"elementor-column elementor-col-100 elementor-inner-column elementor-element elementor-element-7022ccd4\" data-id=\"7022ccd4\" data-element_type=\"column\" data-e-type=\"column\">\n\t\t\t<div class=\"elementor-widget-wrap elementor-element-populated\">\n\t\t\t\t\t\t<div class=\"elementor-element elementor-element-29370ece elementor-widget elementor-widget-heading\" data-id=\"29370ece\" data-element_type=\"widget\" data-e-type=\"widget\" data-widget_type=\"heading.default\">\n\t\t\t\t<div class=\"elementor-widget-container\">\n\t\t\t\t\t<h5 class=\"elementor-heading-title elementor-size-default\">Post recenti<\/h5>\t\t\t\t<\/div>\n\t\t\t\t<\/div>\n\t\t\t\t<div class=\"elementor-element elementor-element-4f256109 elementor-widget elementor-widget-elementskit-post-list\" data-id=\"4f256109\" data-element_type=\"widget\" data-e-type=\"widget\" data-widget_type=\"elementskit-post-list.default\">\n\t\t\t\t<div class=\"elementor-widget-container\">\n\t\t\t\t\t<div class=\"ekit-wid-con\" >\t\t<ul class=\"elementor-icon-list-items ekit-post-list-wrapper\">\n\t\t\t\t\t\t<li class=\"elementor-icon-list-item\">\n\t\t\t\t<a href=\"https:\/\/spa-castellane.fr\/it\/massaggi-benessere-castellane\/\" >\n\t\t\t\t\t<img fetchpriority=\"high\" decoding=\"async\" width=\"800\" height=\"666\" src=\"https:\/\/spa-castellane.fr\/wp-content\/uploads\/2025\/07\/massage-castellane-1024x852.webp\" class=\"attachment-large size-large wp-post-image\" alt=\"massaggio castellano\" srcset=\"https:\/\/spa-castellane.fr\/wp-content\/uploads\/2025\/07\/massage-castellane-1024x852.webp 1024w, https:\/\/spa-castellane.fr\/wp-content\/uploads\/2025\/07\/massage-castellane-300x250.webp 300w, https:\/\/spa-castellane.fr\/wp-content\/uploads\/2025\/07\/massage-castellane-768x639.webp 768w, https:\/\/spa-castellane.fr\/wp-content\/uploads\/2025\/07\/massage-castellane-14x12.webp 14w, https:\/\/spa-castellane.fr\/wp-content\/uploads\/2025\/07\/massage-castellane.webp 1195w\" sizes=\"(max-width: 800px) 100vw, 800px\" loading=\"lazy\" \/>\t\t\t\t\t<div class=\"ekit_post_list_content_wraper\">\n\t\t\t\t\t\t\t\t\t\t\t\t\n\t\t\t\t\t\t<span class=\"elementor-icon-list-text\">Massaggio a Castellane (04120) : Quale massaggio benessere scegliere per un relax ottimale?<\/span>\n\n\t\t\t\t\t\t\t\t\t\t\t<\/div>\n\t\t\t\t<\/a>\n\t\t\t<\/li>\n\t\t\t\t\t<li class=\"elementor-icon-list-item\">\n\t\t\t\t<a href=\"https:\/\/spa-castellane.fr\/it\/weekend-benessere-a-castellane-itinerario-di-relax-tra-verdon-e-terme\/\" >\n\t\t\t\t\t<img decoding=\"async\" width=\"800\" height=\"666\" src=\"https:\/\/spa-castellane.fr\/wp-content\/uploads\/2025\/06\/week-end-detente-1024x852.webp\" class=\"attachment-large size-large wp-post-image\" alt=\"Donna che riceve un massaggio rilassante alle spalle alla Spa Castellane\" srcset=\"https:\/\/spa-castellane.fr\/wp-content\/uploads\/2025\/06\/week-end-detente-1024x852.webp 1024w, https:\/\/spa-castellane.fr\/wp-content\/uploads\/2025\/06\/week-end-detente-300x250.webp 300w, https:\/\/spa-castellane.fr\/wp-content\/uploads\/2025\/06\/week-end-detente-768x639.webp 768w, https:\/\/spa-castellane.fr\/wp-content\/uploads\/2025\/06\/week-end-detente-14x12.webp 14w, https:\/\/spa-castellane.fr\/wp-content\/uploads\/2025\/06\/week-end-detente.webp 1195w\" sizes=\"(max-width: 800px) 100vw, 800px\" loading=\"lazy\" \/>\t\t\t\t\t<div class=\"ekit_post_list_content_wraper\">\n\t\t\t\t\t\t\t\t\t\t\t\t\n\t\t\t\t\t\t<span class=\"elementor-icon-list-text\">Weekend benessere a Castellane: un itinerario di relax tra il Verdon e le terme<\/span>\n\n\t\t\t\t\t\t\t\t\t\t\t<\/div>\n\t\t\t\t<\/a>\n\t\t\t<\/li>\n\t\t\t\t\t<li class=\"elementor-icon-list-item\">\n\t\t\t\t<a href=\"https:\/\/spa-castellane.fr\/it\/regalatevi-un-massaggio-duo-e-una-spa-a-castellane\/\" >\n\t\t\t\t\t<img decoding=\"async\" width=\"800\" height=\"666\" src=\"https:\/\/spa-castellane.fr\/wp-content\/uploads\/2025\/06\/massage-duo-image-1024x852.webp\" class=\"attachment-large size-large wp-post-image\" alt=\"massaggio duo\" srcset=\"https:\/\/spa-castellane.fr\/wp-content\/uploads\/2025\/06\/massage-duo-image-1024x852.webp 1024w, https:\/\/spa-castellane.fr\/wp-content\/uploads\/2025\/06\/massage-duo-image-300x250.webp 300w, https:\/\/spa-castellane.fr\/wp-content\/uploads\/2025\/06\/massage-duo-image-768x639.webp 768w, https:\/\/spa-castellane.fr\/wp-content\/uploads\/2025\/06\/massage-duo-image-14x12.webp 14w, https:\/\/spa-castellane.fr\/wp-content\/uploads\/2025\/06\/massage-duo-image.webp 1195w\" sizes=\"(max-width: 800px) 100vw, 800px\" loading=\"lazy\" \/>\t\t\t\t\t<div class=\"ekit_post_list_content_wraper\">\n\t\t\t\t\t\t\t\t\t\t\t\t\n\t\t\t\t\t\t<span class=\"elementor-icon-list-text\">Concedetevi un momento per due: duo massaggio e spa a Castellane<\/span>\n\n\t\t\t\t\t\t\t\t\t\t\t<\/div>\n\t\t\t\t<\/a>\n\t\t\t<\/li>\n\t\t\t\t\t<li class=\"elementor-icon-list-item\">\n\t\t\t\t<a href=\"https:\/\/spa-castellane.fr\/it\/come-prepararsi-alla-sessione-di-spa-privata\/\" >\n\t\t\t\t\t<img loading=\"lazy\" decoding=\"async\" width=\"800\" height=\"689\" src=\"https:\/\/spa-castellane.fr\/wp-content\/uploads\/2025\/05\/Spa-Solo1.webp\" class=\"attachment-large size-large wp-post-image\" alt=\"Uomo che si rilassa nella vasca idromassaggio privata della Spa Castellane\" srcset=\"https:\/\/spa-castellane.fr\/wp-content\/uploads\/2025\/05\/Spa-Solo1.webp 950w, https:\/\/spa-castellane.fr\/wp-content\/uploads\/2025\/05\/Spa-Solo1-300x258.webp 300w, https:\/\/spa-castellane.fr\/wp-content\/uploads\/2025\/05\/Spa-Solo1-768x661.webp 768w, https:\/\/spa-castellane.fr\/wp-content\/uploads\/2025\/05\/Spa-Solo1-14x12.webp 14w\" sizes=\"(max-width: 800px) 100vw, 800px\" \/>\t\t\t\t\t<div class=\"ekit_post_list_content_wraper\">\n\t\t\t\t\t\t\t\t\t\t\t\t\n\t\t\t\t\t\t<span class=\"elementor-icon-list-text\">Come prepararsi per la sessione di spa privata<\/span>\n\n\t\t\t\t\t\t\t\t\t\t\t<\/div>\n\t\t\t\t<\/a>\n\t\t\t<\/li>\n\t\t\t\t\t<li class=\"elementor-icon-list-item\">\n\t\t\t\t<a href=\"https:\/\/spa-castellane.fr\/it\/massaggio-post-escursione-al-verdon\/\" >\n\t\t\t\t\t<img loading=\"lazy\" decoding=\"async\" width=\"800\" height=\"689\" src=\"https:\/\/spa-castellane.fr\/wp-content\/uploads\/2025\/04\/randonnee.webp\" class=\"attachment-large size-large wp-post-image\" alt=\"escursioni\" srcset=\"https:\/\/spa-castellane.fr\/wp-content\/uploads\/2025\/04\/randonnee.webp 950w, https:\/\/spa-castellane.fr\/wp-content\/uploads\/2025\/04\/randonnee-300x258.webp 300w, https:\/\/spa-castellane.fr\/wp-content\/uploads\/2025\/04\/randonnee-768x661.webp 768w, https:\/\/spa-castellane.fr\/wp-content\/uploads\/2025\/04\/randonnee-14x12.webp 14w\" sizes=\"(max-width: 800px) 100vw, 800px\" \/>\t\t\t\t\t<div class=\"ekit_post_list_content_wraper\">\n\t\t\t\t\t\t\t\t\t\t\t\t\n\t\t\t\t\t\t<span class=\"elementor-icon-list-text\">Guida al benessere dopo l'escursione nel Verdon<\/span>\n\n\t\t\t\t\t\t\t\t\t\t\t<\/div>\n\t\t\t\t<\/a>\n\t\t\t<\/li>\n\t\t\t\t<\/ul>\n\t\t<\/div>\t\t\t\t<\/div>\n\t\t\t\t<\/div>\n\t\t\t\t\t<\/div>\n\t\t<\/div>\n\t\t\t\t\t<\/div>\n\t\t<\/section>\n\t\t\t\t<section class=\"elementor-section elementor-inner-section elementor-element elementor-element-3e648754 elementor-section-boxed elementor-section-height-default elementor-section-height-default\" data-id=\"3e648754\" data-element_type=\"section\" data-e-type=\"section\">\n\t\t\t\t\t\t<div class=\"elementor-container elementor-column-gap-default\">\n\t\t\t\t\t<div class=\"elementor-column elementor-col-100 elementor-inner-column elementor-element elementor-element-60ce4ad2\" data-id=\"60ce4ad2\" data-element_type=\"column\" data-e-type=\"column\">\n\t\t\t<div class=\"elementor-widget-wrap elementor-element-populated\">\n\t\t\t\t\t\t<div class=\"elementor-element elementor-element-30302d79 elementor-widget elementor-widget-heading\" data-id=\"30302d79\" data-element_type=\"widget\" data-e-type=\"widget\" data-widget_type=\"heading.default\">\n\t\t\t\t<div class=\"elementor-widget-container\">\n\t\t\t\t\t<h5 class=\"elementor-heading-title elementor-size-default\">Condividi<\/h5>\t\t\t\t<\/div>\n\t\t\t\t<\/div>\n\t\t\t\t<div class=\"elementor-element elementor-element-379be6dd elementor-widget elementor-widget-elementskit-social-share\" data-id=\"379be6dd\" data-element_type=\"widget\" data-e-type=\"widget\" data-widget_type=\"elementskit-social-share.default\">\n\t\t\t\t<div class=\"elementor-widget-container\">\n\t\t\t\t\t<div class=\"ekit-wid-con\" >\t\t<ul class=\"ekit_socialshare\">\n                            <li class=\"elementor-repeater-item-07de04a\" data-social=\"facebook\">\n                    <div class=\"facebook\">\n                        \n                        <i aria-hidden=\"true\" class=\"icon icon-facebook\"><\/i>                        \n                                                                                            <\/div>\n                <\/li>\n                                            <li class=\"elementor-repeater-item-50aad56\" data-social=\"twitter\">\n                    <div class=\"twitter\">\n                        \n                        <i aria-hidden=\"true\" class=\"icon icon-instagram-1\"><\/i>                        \n                                                                                            <\/div>\n                <\/li>\n                                    <\/ul>\n        <\/div>\t\t\t\t<\/div>\n\t\t\t\t<\/div>\n\t\t\t\t\t<\/div>\n\t\t<\/div>\n\t\t\t\t\t<\/div>\n\t\t<\/section>\n\t\t\t\t\t<\/div>\n\t\t<\/div>\n\t\t\t\t\t<\/div>\n\t\t<\/section>\n\t\t\t\t<\/div>","protected":false},"excerpt":{"rendered":"<p>Blog Guide bien-\u00eatre post-randonn\u00e9e dans le Verdon Les 5 bienfaits d\u2019un massage apr\u00e8s une randonn\u00e9e dans les Gorges du Verdon Vous venez de terminer une belle randonn\u00e9e sur le sentier Blanc-Martel ou le sentier de l\u2019Imbut ? Bravo ! Vous avez m\u00e9rit\u00e9 une bonne dose de d\u00e9tente&#8230; et votre corps aussi ! Chez Spa Castellane, [&hellip;]<\/p>\n","protected":false},"author":1,"featured_media":0,"parent":0,"menu_order":18,"comment_status":"closed","ping_status":"closed","template":"","meta":{"footnotes":""},"class_list":["post-7019","page","type-page","status-publish","hentry"],"_links":{"self":[{"href":"https:\/\/spa-castellane.fr\/it\/wp-json\/wp\/v2\/pages\/7019","targetHints":{"allow":["GET"]}}],"collection":[{"href":"https:\/\/spa-castellane.fr\/it\/wp-json\/wp\/v2\/pages"}],"about":[{"href":"https:\/\/spa-castellane.fr\/it\/wp-json\/wp\/v2\/types\/page"}],"author":[{"embeddable":true,"href":"https:\/\/spa-castellane.fr\/it\/wp-json\/wp\/v2\/users\/1"}],"replies":[{"embeddable":true,"href":"https:\/\/spa-castellane.fr\/it\/wp-json\/wp\/v2\/comments?post=7019"}],"version-history":[{"count":31,"href":"https:\/\/spa-castellane.fr\/it\/wp-json\/wp\/v2\/pages\/7019\/revisions"}],"predecessor-version":[{"id":7344,"href":"https:\/\/spa-castellane.fr\/it\/wp-json\/wp\/v2\/pages\/7019\/revisions\/7344"}],"wp:attachment":[{"href":"https:\/\/spa-castellane.fr\/it\/wp-json\/wp\/v2\/media?parent=7019"}],"curies":[{"name":"wp","href":"https:\/\/api.w.org\/{rel}","templated":true}]}}